{"id":76,"date":"2015-03-22T20:12:10","date_gmt":"2015-03-22T20:12:10","guid":{"rendered":"https:\/\/www.windkraftfreier-idarwald.de\/?page_id=76"},"modified":"2018-09-23T17:27:02","modified_gmt":"2018-09-23T17:27:02","slug":"presse","status":"publish","type":"page","link":"https:\/\/www.windkraftfreier-idarwald.de\/?page_id=76","title":{"rendered":"Presse"},"content":{"rendered":"<p>Hier finden Sie Links zu Artikeln aus der Presse.<\/p>\n<p>12.04.2018: Nahe-Zeitung: &gt;&gt; <a href=\"https:\/\/www.rhein-zeitung.de\/region\/lokales\/rhein-hunsrueck-zeitung_artikel,-gutachter-fordern-tabuzone-fuer-windraeder-_arid,1798101.html\" target=\"_blank\" rel=\"noopener\">Gutachter fordern Tabuzone f\u00fcr Windr\u00e4der<\/a><\/p>\n<p>23.03.2018: Nahe-Zeitung: <a href=\"https:\/\/www.rhein-zeitung.de\/region\/lokales\/nahe-zeitung_artikel,-verhindert-das-haselhuhn-windraeder-bei-hellertshausen-_arid,1789392.html\" target=\"_blank\" rel=\"noopener\">&gt;&gt; Gutachten angek\u00fcndigt \/ Kein Platz auf dem Nationalparkfest<\/a><\/p>\n<p>15.01.2018: Nahe-Zeitung: <a href=\"https:\/\/www.rhein-zeitung.de\/region\/lokales\/nahe-zeitung_artikel,-buergerentscheid-ist-gesetzeswidrig-_arid,1756918.html\" target=\"_blank\" rel=\"noopener\">&gt;&gt; B\u00fcrgerentscheid nicht zugelassen<\/a><\/p>\n<p>04.01.2018: Nahe-Zeitung: <a href=\"https:\/\/www.rhein-zeitung.de\/region\/lokales\/nahe-zeitung_artikel,-windkraftgegner-beantragen-buergerentscheid-_arid,1752254.html\" target=\"_blank\" rel=\"noopener\">&gt;&gt; B\u00fcrgerentscheid beantragt<\/a><\/p>\n<p>07.12.2017: Nahe-Zeitung: <a href=\"https:\/\/www.windkraftfreier-idarwald.de\/?p=232\">&gt;&gt; 300 Mahnpf\u00e4hle bilden besondere Petition<\/a><\/p>\n<p>29.11.2017: Nahe-Zeitung: <a href=\"https:\/\/www.rhein-zeitung.de\/region\/lokales\/nahe-zeitung_artikel,-mahnpfaehle-gegen-windraeder-im-idarwald-_arid,1737869.html\" target=\"_blank\" rel=\"noopener\">&gt;&gt;\u00a0Mahnpf\u00e4hle gegen Windr\u00e4der im Idarwald<\/a><\/p>\n<p>24.03.2017: Nahe-Zeitung:\u00a0<a href=\"https:\/\/www.rhein-zeitung.de\/region\/lokales\/nahe-zeitung_artikel,-vg-rhaunen-investor-will-fuenf-windraeder-bei-hellertshausen-errichten-_arid,1628204.html\" target=\"_blank\" rel=\"noopener\">&gt;&gt; Investor will f\u00fcnf Windr\u00e4der bei Hellertshausen errichten<\/a><\/p>\n<p>03.01.2016: Nahe-Zeitung:\u00a0<a href=\"https:\/\/www.rhein-zeitung.de\/region\/lokales\/nahe_artikel,-unterschriften-sollen-endlich-in-mainz-landen-_arid,1420666.html\">&gt;&gt; Unterschriften sollen endlich in Mainz landen<\/a><\/p>\n<p>22.05.2015: Nahe-Zeitung:\u00a0<a href=\"https:\/\/www.windkraftfreier-idarwald.de\/wp-content\/uploads\/2015\/05\/nz_Leserbrief_20150522.pdf\" target=\"_blank\" rel=\"noopener\">&gt;&gt; Leserbrief: D\u00f6rfer werden entv\u00f6lkert<\/a><\/p>\n<p>28.04.2015: Nahe-Zeitung:\u00a0<a href=\"https:\/\/www.windkraftfreier-idarwald.de\/wp-content\/uploads\/2015\/05\/artikel_nz_20150428x.pdf\" target=\"_blank\" rel=\"noopener\">&gt;&gt; Petition hat mehr als 1000 Fans<\/a><\/p>\n<p>17.03.2015 &#8211; Trierischer Volksfreund:\u00a0<a title=\"&gt;&gt; Morbach: Gegen Windkraftpl\u00e4ne der Nachbarn (VG-Rhaunen)\" href=\"https:\/\/www.volksfreund.de\/nachrichten\/region\/hunsrueck\/aktuell\/Heute-in-der-Hunsrueck-Zeitung-Gegen-Windkraftplaene-der-Nachbarn;art779,4162172\" target=\"_blank\" rel=\"noopener\">&gt;&gt; Gemeinde Morbach:\u00a0Gegen Windkraftpl\u00e4ne der VG-Rhaunen<\/a><\/p>\n<p>12.02.2015 &#8211; Nahe-Zeitung <a title=\"&gt;&gt; Gemeinderat Hottenbach: Windkraftpl\u00e4ne warfen viele Fragen auf\" href=\"https:\/\/www.rhein-zeitung.de\/region\/lokales\/nahe_artikel,-Gemeinderat-Hottenbach-Windkraftplaene-warfen-viele-Fragen-auf-_arid,1271575.html\" target=\"_blank\" rel=\"noopener\">&gt;&gt;\u00a0Gemeinderat Hottenbach: Windkraftpl\u00e4ne warfen viele Fragen auf<\/a><\/p>\n<p>13.01.2015 &#8211; Nahe-Zeitung <a title=\"&gt;&gt; VG Rhaunen: A\u00f6R betrachtet Potenzial f\u00fcr Windkraft im Vierherrenwald\" href=\"https:\/\/www.rhein-zeitung.de\/region\/lokales\/nahe_artikel,-VG-Rhaunen-AoeR-betrachtet-Potenzial-fuer-Windkraft-im-Vierherrenwald-_arid,1257892.html\" target=\"_blank\" rel=\"noopener\">&gt;&gt;\u00a0VG Rhaunen: A\u00f6R betrachtet Potenzial f\u00fcr Windkraft im Vierherrenwald<\/a><\/p>\n<p>13.12.2014 &#8211; Nahe-Zeitung <a title=\"&gt;&gt; VG-Rat Rhaunen: Idarkopf soll windradfrei bleiben\" href=\"https:\/\/www.rhein-zeitung.de\/region\/lokales\/nahe_artikel,-VG-Rat-Rhaunen-Idarkopf-soll-windradfrei-bleiben-_arid,1246361.html\" target=\"_blank\" rel=\"noopener\">&gt;&gt;\u00a0VG-Rat Rhaunen: Idarkopf soll windradfrei bleiben<\/a><\/p>\n<p>12.12.2014 &#8211; Nahe-Zeitung\u00a0<a title=\"&gt;&gt; VG-Rat Herrstein: Aus f\u00fcr Windkraft im Idarwald und auf der M\u00f6rschieder Burr\" href=\"https:\/\/www.rhein-zeitung.de\/region\/lokales\/nahe_artikel,-Aus-fuer-Windkraft-im-Idarwald-und-auf-der-Moerschieder-Burr-_arid,1246182.html\" target=\"_blank\" rel=\"noopener\">&gt;&gt; VG-Rat Herrstein: Aus f\u00fcr Windkraft im Idarwald und auf der M\u00f6rschieder Burr<\/a><\/p>\n","protected":false},"excerpt":{"rendered":"<p>Hier finden Sie Links zu Artikeln aus der Presse. 12.04.2018: Nahe-Zeitung: &gt;&gt; Gutachter fordern Tabuzone f\u00fcr Windr\u00e4der 23.03.2018: Nahe-Zeitung: &gt;&gt; Gutachten angek\u00fcndigt \/ Kein Platz auf dem Nationalparkfest 15.01.2018: Nahe-Zeitung: &gt;&gt; B\u00fcrgerentscheid nicht zugelassen 04.01.2018: Nahe-Zeitung: &gt;&gt; B\u00fcrgerentscheid beantragt 07.12.2017: &hellip; <a href=\"https:\/\/www.windkraftfreier-idarwald.de\/?page_id=76\">Weiter<\/a><\/p>\n","protected":false},"author":1,"featured_media":0,"parent":0,"menu_order":0,"comment_status":"open","ping_status":"open","template":"","meta":{"kt_blocks_editor_width":"","ngg_post_thumbnail":0},"_links":{"self":[{"href":"https:\/\/www.windkraftfreier-idarwald.de\/index.php?rest_route=\/wp\/v2\/pages\/76"}],"collection":[{"href":"https:\/\/www.windkraftfreier-idarwald.de\/index.php?rest_route=\/wp\/v2\/pages"}],"about":[{"href":"https:\/\/www.windkraftfreier-idarwald.de\/index.php?rest_route=\/wp\/v2\/types\/page"}],"author":[{"embeddable":true,"href":"https:\/\/www.windkraftfreier-idarwald.de\/index.php?rest_route=\/wp\/v2\/users\/1"}],"replies":[{"embeddable":true,"href":"https:\/\/www.windkraftfreier-idarwald.de\/index.php?rest_route=%2Fwp%2Fv2%2Fcomments&post=76"}],"version-history":[{"count":35,"href":"https:\/\/www.windkraftfreier-idarwald.de\/index.php?rest_route=\/wp\/v2\/pages\/76\/revisions"}],"predecessor-version":[{"id":294,"href":"https:\/\/www.windkraftfreier-idarwald.de\/index.php?rest_route=\/wp\/v2\/pages\/76\/revisions\/294"}],"wp:attachment":[{"href":"https:\/\/www.windkraftfreier-idarwald.de\/index.php?rest_route=%2Fwp%2Fv2%2Fmedia&parent=76"}],"curies":[{"name":"wp","href":"https:\/\/api.w.org\/{rel}","templated":true}]}}